{"id":38,"date":"2019-02-07T11:42:29","date_gmt":"2019-02-07T11:42:29","guid":{"rendered":"http:\/\/optimice.com\/?page_id=38"},"modified":"2026-01-14T16:00:06","modified_gmt":"2026-01-14T16:00:06","slug":"optimice-las-compras","status":"publish","type":"page","link":"https:\/\/optimice.com\/","title":{"rendered":"optimice sus resultados"},"content":{"rendered":"\n<p class=\"has-text-align-center has-large-font-size\"><strong><span class=\"has-inline-color has-luminous-vivid-orange-color\">optimice<\/span> <\/strong><span class=\"has-inline-color has-black-color\"><strong>+&nbsp;<\/strong>somos la compa\u00f1\u00eda l\u00edder en<\/span> <strong><span class=\"has-inline-color has-luminous-vivid-orange-color\">consultor\u00eda de compras<\/span><\/strong><\/p>\n\n\n\n<p class=\"has-text-align-center\"><br><strong><span class=\"has-inline-color has-luminous-vivid-orange-color\">optimice<\/span> <\/strong><span class=\"has-inline-color has-black-color\"><strong>+ <\/strong>somos especialistas en ayudar a la empresa a que <\/span><strong><span class=\"has-inline-color has-luminous-vivid-orange-color\">optimice las compras <\/span><\/strong> <\/p>\n\n\n\n<p class=\"has-text-align-center\"><strong><span class=\"has-inline-color has-luminous-vivid-orange-color\">optimice<\/span> <\/strong><span class=\"has-inline-color has-black-color\">+ desarrollamos soluciones innovadoras que permiten <\/span><strong><span class=\"has-inline-color has-luminous-vivid-orange-color\">mejorar la rentabilidad<\/span><\/strong> <span class=\"has-inline-color has-black-color\">de su empresa mediante la <\/span><strong><span class=\"has-inline-color has-luminous-vivid-orange-color\">eficiente gesti\u00f3n de las compras.<\/span><\/strong><\/p>\n\n\n\n<p class=\"has-text-align-center\"><strong><span class=\"has-inline-color has-luminous-vivid-orange-color\">optimice<\/span> <\/strong><span class=\"has-inline-color has-black-color\"><strong>+ <\/strong>hemos desarrollado una<\/span> <strong><span class=\"has-inline-color has-luminous-vivid-orange-color\">metodolog\u00eda propia y probada<\/span><\/strong> <span class=\"has-inline-color has-black-color\">que le garantiza la<\/span> <strong><span class=\"has-inline-color has-luminous-vivid-orange-color\">mejora de la rentabilidad <\/span><\/strong>. <\/p>\n\n\n\n<p class=\"has-text-align-center\"><strong><span class=\"has-inline-color has-luminous-vivid-orange-color\">optimice<\/span> <\/strong><span class=\"has-inline-color has-black-color\"><strong>+ <\/strong>creemos tanto en el \u00e9xito de nuestros proyectos que<\/span> <strong><span class=\"has-inline-color has-luminous-vivid-orange-color\">vinculamos nuestra remuneraci\u00f3n a los resultados obtenidos<\/span><\/strong> por nuestros clientes<\/p>\n","protected":false},"excerpt":{"rendered":"<p>optimice +&nbsp;somos la compa\u00f1\u00eda l\u00edder en consultor\u00eda de compras optimice + somos especialistas en ayudar a la empresa a que optimice las compras optimice + desarrollamos soluciones innovadoras que permiten mejorar la rentabilidad de su empresa mediante la eficiente gesti\u00f3n <a href=\"https:\/\/optimice.com\/\" class=\"more-link\">Leer m\u00e1s<\/a><\/p>\n","protected":false},"author":1,"featured_media":0,"parent":0,"menu_order":0,"comment_status":"closed","ping_status":"closed","template":"","meta":[],"_links":{"self":[{"href":"https:\/\/optimice.com\/index.php?rest_route=\/wp\/v2\/pages\/38"}],"collection":[{"href":"https:\/\/optimice.com\/index.php?rest_route=\/wp\/v2\/pages"}],"about":[{"href":"https:\/\/optimice.com\/index.php?rest_route=\/wp\/v2\/types\/page"}],"author":[{"embeddable":true,"href":"https:\/\/optimice.com\/index.php?rest_route=\/wp\/v2\/users\/1"}],"replies":[{"embeddable":true,"href":"https:\/\/optimice.com\/index.php?rest_route=%2Fwp%2Fv2%2Fcomments&post=38"}],"version-history":[{"count":30,"href":"https:\/\/optimice.com\/index.php?rest_route=\/wp\/v2\/pages\/38\/revisions"}],"predecessor-version":[{"id":189,"href":"https:\/\/optimice.com\/index.php?rest_route=\/wp\/v2\/pages\/38\/revisions\/189"}],"wp:attachment":[{"href":"https:\/\/optimice.com\/index.php?rest_route=%2Fwp%2Fv2%2Fmedia&parent=38"}],"curies":[{"name":"wp","href":"https:\/\/api.w.org\/{rel}","templated":true}]}}